{"id":803,"date":"2018-08-29T19:06:06","date_gmt":"2018-08-29T18:06:06","guid":{"rendered":"http:\/\/www.dotterdesign.nl\/cms\/?page_id=803"},"modified":"2026-01-10T15:40:08","modified_gmt":"2026-01-10T14:40:08","slug":"referenties-2","status":"publish","type":"page","link":"https:\/\/www.dotterdesign.nl\/cms\/referenties-2\/","title":{"rendered":"REFERENTIES"},"content":{"rendered":"\t\t<div data-elementor-type=\"wp-post\" data-elementor-id=\"803\" class=\"elementor elementor-803\">\n\t\t\t\t\t\t<section class=\"elementor-section elementor-top-section elementor-element elementor-element-a97c3a4 elementor-section-boxed elementor-section-height-default elementor-section-height-default\" data-id=\"a97c3a4\" data-element_type=\"section\">\n\t\t\t\t\t\t<div class=\"elementor-container elementor-column-gap-default\">\n\t\t\t\t\t<div class=\"elementor-column elementor-col-100 elementor-top-column elementor-element elementor-element-07612e7\" data-id=\"07612e7\" data-element_type=\"column\">\n\t\t\t<div class=\"elementor-widget-wrap elementor-element-populated\">\n\t\t\t\t\t\t<section class=\"elementor-section elementor-inner-section elementor-element elementor-element-18be296 elementor-section-boxed elementor-section-height-default elementor-section-height-default\" data-id=\"18be296\" data-element_type=\"section\">\n\t\t\t\t\t\t<div class=\"elementor-container elementor-column-gap-default\">\n\t\t\t\t\t<div class=\"elementor-column elementor-col-50 elementor-inner-column elementor-element elementor-element-5b752a8\" data-id=\"5b752a8\" data-element_type=\"column\">\n\t\t\t<div class=\"elementor-widget-wrap elementor-element-populated\">\n\t\t\t\t\t\t<div class=\"elementor-element elementor-element-4594153 elementor-widget elementor-widget-text-editor\" data-id=\"4594153\" data-element_type=\"widget\" data-widget_type=\"text-editor.default\">\n\t\t\t\t<div class=\"elementor-widget-container\">\n\t\t\t\t\t\t\t\t\t<p><strong>REFERENTIES<br \/><\/strong><\/p><header><\/header><div><p><strong>Loes Vork <\/strong><span style=\"font-weight: bold;\">\u2013 Vork Communicatie<\/span><strong>\u00a0<\/strong><br \/>De vormgeving! Ik ken heel wat vormgevers, leuke mensen die goed zijn in hun werk. Allemaal op hun eigen, unieke manier. Maar omdat mijn boekselboek zo persoonlijk is, en de vormgeving van het boek zo belangrijk is voor het effect ervan, vond ik de keuze niet gemakkelijk. Ik raadpleegde het lijstje in mijn hoofd steeds opnieuw maar bleef het vage gevoel houden dat er n\u00f3g iemand was, die geschikt zou kunnen zijn. Maar wie? Tot ze een jaar geleden tijdens een beurs aan mijn tafel verscheen. Natuurlijk, Emmy!<\/p><p>De persoonlijke klik met vormgeefster Emmy van Harskamp van Dotter Design uit Haastrecht was er meteen, ook al bij onze eerste kennismaking tijdens een sketchcrawl. Maar haar werk kende ik nog nauwelijks. We spraken elkaar nu uitgebreid, en na afloop gaf ik haar teksten en foto\u2019s mee om de eerste werktekeningen te maken. Materiaal dat ik dus niet alvast had durven mailen. Zo spannend!<\/p><p>Twee weken later opende ze haar presentatiemap en ik was er helemaal stil van. Op de openingspagina plaatste ze een knipseltje dat naar mijn idee onooglijk was. \u2018Dit maak ik wel over\u2019, had ik gezegd! Maar zij voerde het uit in een kleur en een eenvoud die mij ontroerden.<\/p><p>Emmy begrijpt wat ik bedoel. Haar ontwerp straalt rust uit en verzorgdheid. En dat terwijl de inhoud zo divers, veelkleurig en veelvormig is. Ze durft te spelen met de elementen en haar eigen kunstzinnige inslag spreekt ook mee.<\/p><p>Toen ik die opmaakproef zag, kreeg ik voor het eerst echt het gevoel dat mijn boek wel eens mooi kon worden. Ik zag het v\u00f3\u00f3r me. Dat was een belangrijk moment in het schrijfproces.<\/p><p>Inmiddels zijn we dik een half jaar verder. Vandaag kreeg ik de digitale proef ter correctie. Het ontwerp staat nog steeds als een huis. Dit weekend gaan mijn meelezers het grondig doornemen. De vuurproef\u2026<\/p><\/div><p><strong>Kees Polderman en Hans de Ruiter \u2013 Vereeniging van Oud-Kweekelingen van de Kweekschool voor de Zeevaart<\/strong><br \/>Ter gelegenheid van het 100-jarig jubileum van de Vereeniging van Oud-Kweekelingen van de Kweekschool voor de Zeevaart te Amsterdam (VOK) heeft Emmy van Harskamp ontwerp en productie van een jubileumboek (208 pagina\u2019s) verzorgd. Dank zij haar samenwerkingsgerichtheid, professionaliteit en creativiteit is het een buitengewoon fraai boek geworden, dat grote waardering van de ruim 900 leden van de vereniging heeft opgeleverd. Niet alleen heeft Emmy tekst en beeld heel mooi vormgegeven, zij is er ook in geslaagd het juiste \u2018gevoel\u2019 in het boek te leggen. Hulde!<br \/><a href=\"http:\/\/www.vok.nl\">www.vok.nl<\/a><\/p><p><strong>Rob Grem <span style=\"font-weight: bold;\">\u2013 Podium Oudewater<\/span><br \/><\/strong>De kwaliteit spat van je website af. Jij hebt het ontwerpen in je genen zitten, maar we weten ook dat opdrachten nooit \u00e9\u00e9n-richting verkeer is. Je hebt elkaar nodig om iets moois te cre\u00ebren. Dat is zeker met de producten voor Oudewater gelukt. Maar het geldt ongetwijfeld ook voor de andere ontwerpen die je hebt gemaakt.<br \/>Een hartelijke en lieve groet van Rob<\/p><p><strong>Inge Zeegers, Satori \u2013 Praktijk voor Massage en Zheneng Qigong<\/strong><br \/>De samenwerking is prima, er is altijd goed overleg over wat je wensen zijn. Alles gaat in samenspraak en er wordt snel en adequaat gereageerd. Creatieve idee\u00ebn zijn er genoeg bij Dotter Design maar het belangrijkste van alles: Altijd als ik het uiteindelijke definitieve ontwerp zie word ik helemaal blij. Dan heb ik nog meer zin om met het ontwerp en mijn eigen werk aan de slag te gaan.<br \/><a href=\"http:\/\/www.qigong-shiatsu.nl\" target=\"_blank\" rel=\"noopener noreferrer\">www.qigong-shiatsu.nl<\/a><\/p><p><strong>Karel Platje, hoofdredacteur Oekra\u00efne Magazine<\/strong><br \/>Dotter Design is een professioneel werkend ontwerpbureau waarmee het fijn werken is. Creatief, maar Emmy van Harskamp kan ook heel goed uit de voeten met een reeds bestaand format. Belangrijk: afspraken worden stipt nagekomen. Kortom, het is fijn werken met Dotter Design.<\/p>\t\t\t\t\t\t\t\t<\/div>\n\t\t\t\t<\/div>\n\t\t\t\t\t<\/div>\n\t\t<\/div>\n\t\t\t\t<div class=\"elementor-column elementor-col-50 elementor-inner-column elementor-element elementor-element-8429a9b\" data-id=\"8429a9b\" data-element_type=\"column\">\n\t\t\t<div class=\"elementor-widget-wrap\">\n\t\t\t\t\t\t\t<\/div>\n\t\t<\/div>\n\t\t\t\t\t<\/div>\n\t\t<\/section>\n\t\t\t\t\t<\/div>\n\t\t<\/div>\n\t\t\t\t\t<\/div>\n\t\t<\/section>\n\t\t\t\t<\/div>\n\t\t","protected":false},"excerpt":{"rendered":"<p>REFERENTIES Loes Vork \u2013 Vork Communicatie\u00a0De vormgeving! Ik ken heel wat vormgevers, leuke mensen die goed zijn in hun werk. Allemaal op hun eigen, unieke manier. Maar omdat mijn boekselboek zo persoonlijk is, en de vormgeving van het boek zo belangrijk is voor het effect ervan, vond ik de keuze niet gemakkelijk. Ik raadpleegde het &#8230; <a title=\"REFERENTIES\" class=\"read-more\" href=\"https:\/\/www.dotterdesign.nl\/cms\/referenties-2\/\" aria-label=\"Lees meer over REFERENTIES\">Lees meer<\/a><\/p>\n","protected":false},"author":1,"featured_media":0,"parent":0,"menu_order":0,"comment_status":"closed","ping_status":"closed","template":"","meta":{"_monsterinsights_skip_tracking":false,"_monsterinsights_sitenote_active":false,"_monsterinsights_sitenote_note":"","_monsterinsights_sitenote_category":0,"generate_page_header":"","footnotes":""},"class_list":["post-803","page","type-page","status-publish"],"yoast_head":"<!-- This site is optimized with the Yoast SEO plugin v26.7 - https:\/\/yoast.com\/wordpress\/plugins\/seo\/ -->\n<title>REFERENTIES - Dotter Design<\/title>\n<meta name=\"robots\" content=\"index, follow, max-snippet:-1, max-image-preview:large, max-video-preview:-1\" \/>\n<link rel=\"canonical\" href=\"https:\/\/www.dotterdesign.nl\/cms\/referenties-2\/\" \/>\n<meta property=\"og:locale\" content=\"nl_NL\" \/>\n<meta property=\"og:type\" content=\"article\" \/>\n<meta property=\"og:title\" content=\"REFERENTIES - Dotter Design\" \/>\n<meta property=\"og:description\" content=\"REFERENTIES Loes Vork \u2013 Vork Communicatie\u00a0De vormgeving! Ik ken heel wat vormgevers, leuke mensen die goed zijn in hun werk. Allemaal op hun eigen, unieke manier. Maar omdat mijn boekselboek zo persoonlijk is, en de vormgeving van het boek zo belangrijk is voor het effect ervan, vond ik de keuze niet gemakkelijk. Ik raadpleegde het ... Lees meer\" \/>\n<meta property=\"og:url\" content=\"https:\/\/www.dotterdesign.nl\/cms\/referenties-2\/\" \/>\n<meta property=\"og:site_name\" content=\"Dotter Design\" \/>\n<meta property=\"article:modified_time\" content=\"2026-01-10T14:40:08+00:00\" \/>\n<meta name=\"twitter:card\" content=\"summary_large_image\" \/>\n<meta name=\"twitter:label1\" content=\"Geschatte leestijd\" \/>\n\t<meta name=\"twitter:data1\" content=\"3 minuten\" \/>\n<script type=\"application\/ld+json\" class=\"yoast-schema-graph\">{\"@context\":\"https:\/\/schema.org\",\"@graph\":[{\"@type\":\"WebPage\",\"@id\":\"https:\/\/www.dotterdesign.nl\/cms\/referenties-2\/\",\"url\":\"https:\/\/www.dotterdesign.nl\/cms\/referenties-2\/\",\"name\":\"REFERENTIES - Dotter Design\",\"isPartOf\":{\"@id\":\"https:\/\/www.dotterdesign.nl\/cms\/#website\"},\"datePublished\":\"2018-08-29T18:06:06+00:00\",\"dateModified\":\"2026-01-10T14:40:08+00:00\",\"breadcrumb\":{\"@id\":\"https:\/\/www.dotterdesign.nl\/cms\/referenties-2\/#breadcrumb\"},\"inLanguage\":\"nl-NL\",\"potentialAction\":[{\"@type\":\"ReadAction\",\"target\":[\"https:\/\/www.dotterdesign.nl\/cms\/referenties-2\/\"]}]},{\"@type\":\"BreadcrumbList\",\"@id\":\"https:\/\/www.dotterdesign.nl\/cms\/referenties-2\/#breadcrumb\",\"itemListElement\":[{\"@type\":\"ListItem\",\"position\":1,\"name\":\"Home\",\"item\":\"https:\/\/www.dotterdesign.nl\/cms\/\"},{\"@type\":\"ListItem\",\"position\":2,\"name\":\"REFERENTIES\"}]},{\"@type\":\"WebSite\",\"@id\":\"https:\/\/www.dotterdesign.nl\/cms\/#website\",\"url\":\"https:\/\/www.dotterdesign.nl\/cms\/\",\"name\":\"Dotter Design\",\"description\":\"Grafisch Ontwerp\",\"potentialAction\":[{\"@type\":\"SearchAction\",\"target\":{\"@type\":\"EntryPoint\",\"urlTemplate\":\"https:\/\/www.dotterdesign.nl\/cms\/?s={search_term_string}\"},\"query-input\":{\"@type\":\"PropertyValueSpecification\",\"valueRequired\":true,\"valueName\":\"search_term_string\"}}],\"inLanguage\":\"nl-NL\"}]}<\/script>\n<!-- \/ Yoast SEO plugin. -->","yoast_head_json":{"title":"REFERENTIES - Dotter Design","robots":{"index":"index","follow":"follow","max-snippet":"max-snippet:-1","max-image-preview":"max-image-preview:large","max-video-preview":"max-video-preview:-1"},"canonical":"https:\/\/www.dotterdesign.nl\/cms\/referenties-2\/","og_locale":"nl_NL","og_type":"article","og_title":"REFERENTIES - Dotter Design","og_description":"REFERENTIES Loes Vork \u2013 Vork Communicatie\u00a0De vormgeving! Ik ken heel wat vormgevers, leuke mensen die goed zijn in hun werk. Allemaal op hun eigen, unieke manier. Maar omdat mijn boekselboek zo persoonlijk is, en de vormgeving van het boek zo belangrijk is voor het effect ervan, vond ik de keuze niet gemakkelijk. Ik raadpleegde het ... Lees meer","og_url":"https:\/\/www.dotterdesign.nl\/cms\/referenties-2\/","og_site_name":"Dotter Design","article_modified_time":"2026-01-10T14:40:08+00:00","twitter_card":"summary_large_image","twitter_misc":{"Geschatte leestijd":"3 minuten"},"schema":{"@context":"https:\/\/schema.org","@graph":[{"@type":"WebPage","@id":"https:\/\/www.dotterdesign.nl\/cms\/referenties-2\/","url":"https:\/\/www.dotterdesign.nl\/cms\/referenties-2\/","name":"REFERENTIES - Dotter Design","isPartOf":{"@id":"https:\/\/www.dotterdesign.nl\/cms\/#website"},"datePublished":"2018-08-29T18:06:06+00:00","dateModified":"2026-01-10T14:40:08+00:00","breadcrumb":{"@id":"https:\/\/www.dotterdesign.nl\/cms\/referenties-2\/#breadcrumb"},"inLanguage":"nl-NL","potentialAction":[{"@type":"ReadAction","target":["https:\/\/www.dotterdesign.nl\/cms\/referenties-2\/"]}]},{"@type":"BreadcrumbList","@id":"https:\/\/www.dotterdesign.nl\/cms\/referenties-2\/#breadcrumb","itemListElement":[{"@type":"ListItem","position":1,"name":"Home","item":"https:\/\/www.dotterdesign.nl\/cms\/"},{"@type":"ListItem","position":2,"name":"REFERENTIES"}]},{"@type":"WebSite","@id":"https:\/\/www.dotterdesign.nl\/cms\/#website","url":"https:\/\/www.dotterdesign.nl\/cms\/","name":"Dotter Design","description":"Grafisch Ontwerp","potentialAction":[{"@type":"SearchAction","target":{"@type":"EntryPoint","urlTemplate":"https:\/\/www.dotterdesign.nl\/cms\/?s={search_term_string}"},"query-input":{"@type":"PropertyValueSpecification","valueRequired":true,"valueName":"search_term_string"}}],"inLanguage":"nl-NL"}]}},"_links":{"self":[{"href":"https:\/\/www.dotterdesign.nl\/cms\/wp-json\/wp\/v2\/pages\/803","targetHints":{"allow":["GET"]}}],"collection":[{"href":"https:\/\/www.dotterdesign.nl\/cms\/wp-json\/wp\/v2\/pages"}],"about":[{"href":"https:\/\/www.dotterdesign.nl\/cms\/wp-json\/wp\/v2\/types\/page"}],"author":[{"embeddable":true,"href":"https:\/\/www.dotterdesign.nl\/cms\/wp-json\/wp\/v2\/users\/1"}],"replies":[{"embeddable":true,"href":"https:\/\/www.dotterdesign.nl\/cms\/wp-json\/wp\/v2\/comments?post=803"}],"version-history":[{"count":19,"href":"https:\/\/www.dotterdesign.nl\/cms\/wp-json\/wp\/v2\/pages\/803\/revisions"}],"predecessor-version":[{"id":1775,"href":"https:\/\/www.dotterdesign.nl\/cms\/wp-json\/wp\/v2\/pages\/803\/revisions\/1775"}],"wp:attachment":[{"href":"https:\/\/www.dotterdesign.nl\/cms\/wp-json\/wp\/v2\/media?parent=803"}],"curies":[{"name":"wp","href":"https:\/\/api.w.org\/{rel}","templated":true}]}}